{"id":777,"date":"2026-01-25T02:15:59","date_gmt":"2026-01-25T02:15:59","guid":{"rendered":"https:\/\/landenbergerculinary.iwypixel.hu\/?page_id=777"},"modified":"2026-03-01T20:15:28","modified_gmt":"2026-03-01T20:15:28","slug":"agb","status":"publish","type":"page","link":"https:\/\/landenbergerculinary.iwypixel.hu\/en\/agb\/","title":{"rendered":"Terms"},"content":{"rendered":"<div data-elementor-type=\"wp-page\" data-elementor-id=\"777\" class=\"elementor elementor-777\" data-elementor-post-type=\"page\">\n\t\t\t\t<div data-particle_enable=\"false\" data-particle-mobile-disabled=\"false\" class=\"elementor-element elementor-element-6981846 e-con-full e-flex e-con e-parent\" data-id=\"6981846\" data-element_type=\"container\" data-e-type=\"container\">\n\t\t\t\t<div class=\"elementor-element elementor-element-9cccbbf elementor-widget elementor-widget-image\" data-id=\"9cccbbf\" data-element_type=\"widget\" data-e-type=\"widget\" data-widget_type=\"image.default\">\n\t\t\t\t\t\t\t\t\t\t\t\t\t\t\t<img fetchpriority=\"high\" decoding=\"async\" width=\"2560\" height=\"1708\" src=\"https:\/\/landenbergerculinary.iwypixel.hu\/wp-content\/uploads\/2026\/01\/kitchenmood-5-scaled.jpg\" class=\"attachment-full size-full wp-image-791\" alt=\"\" srcset=\"https:\/\/landenbergerculinary.iwypixel.hu\/wp-content\/uploads\/2026\/01\/kitchenmood-5-scaled.jpg 2560w, https:\/\/landenbergerculinary.iwypixel.hu\/wp-content\/uploads\/2026\/01\/kitchenmood-5-300x200.jpg 300w, https:\/\/landenbergerculinary.iwypixel.hu\/wp-content\/uploads\/2026\/01\/kitchenmood-5-1024x683.jpg 1024w, https:\/\/landenbergerculinary.iwypixel.hu\/wp-content\/uploads\/2026\/01\/kitchenmood-5-768x512.jpg 768w, https:\/\/landenbergerculinary.iwypixel.hu\/wp-content\/uploads\/2026\/01\/kitchenmood-5-1536x1025.jpg 1536w, https:\/\/landenbergerculinary.iwypixel.hu\/wp-content\/uploads\/2026\/01\/kitchenmood-5-2048x1366.jpg 2048w, https:\/\/landenbergerculinary.iwypixel.hu\/wp-content\/uploads\/2026\/01\/kitchenmood-5-18x12.jpg 18w\" sizes=\"(max-width: 2560px) 100vw, 2560px\" \/>\t\t\t\t\t\t\t\t\t\t\t\t\t\t\t<\/div>\n\t\t\t\t<div class=\"elementor-element elementor-element-2b7de6d elementor-widget elementor-widget-text-editor\" data-id=\"2b7de6d\" data-element_type=\"widget\" data-e-type=\"widget\" data-widget_type=\"text-editor.default\">\n\t\t\t\t\t\t\t\t\t<h1 class=\"jw-heading-130\"><strong>Terms<\/strong><\/h1><p><strong>Landenberger Culinary &amp; Catering<\/strong><\/p><p>Version: 05 December 2023<\/p><p><strong>\u00a7 1 Scope and Subject Matter of the Contract<\/strong><\/p><p>1.\tThese General Terms and Conditions (\u201cGTC\u201d) govern the provision of catering services and related services by\u00a0<strong>include:<\/strong>.<\/p><p>2. Landenberger Culinary &amp; Catering\u2019s\u00a0<strong>include:<\/strong>\u00a0umfassen:<\/p><ul><li>Catering services: preparation of food for events, event concept planning, delivery of food and beverages, and provision of event equipment.<\/li><li>Online shop: shipping of food boxes\/cooking boxes, shipment of wine bottles, and gift boxes.<\/li><\/ul><p class=\"translation-block\">3.\tThese GTC form an integral part of all contracts between Landenberger Culinary &amp; Catering and its customers and apply to all services provided by Landenberger Culinary &amp; Catering.<\/p><p>4.\tContracts for catering services are concluded online or in writing. The written form may also be satisfied in electronic form.<\/p><p><strong>\u00a7 2 Contract Amendments<\/strong><\/p><p>Amendments or supplements to the contract must be made in writing to be effective. This also applies to any waiver of the written-form requirement.<\/p><p><strong>\u00a7 3 Prices and Payment Terms<\/strong><\/p><p>1.\tPrices for the services are based on the provider\u2019s current price list or individual quotations.<\/p><p>2.\tPayment is due after invoicing and must be made within the period stated on the invoice.<\/p><p>3.\tIn the event of late payment, the provider is entitled to charge default interest at 5 percentage points above the applicable base interest rate of the European Central Bank.<\/p><p><strong>\u00a7 4 Copyright<\/strong><\/p><p>1.\tAll event concepts, documents, graphics, lists, drawings and sketches created by the provider at the customer\u2019s request (\u201cevent documentation\u201d) are subject to copyright law.<\/p><p>2.\tThe event documentation is considered \u201ctemplates\u201d within the meaning of \u00a7\u00a7 17, 18 UWG (German Unfair Competition Act).<\/p><p>3.\tUpon full payment of all fees and costs, the customer acquires the usage rights required for the contractual purpose. Any further use requires the provider\u2019s explicit consent and may be subject to additional remuneration.<\/p><p>4.\tRepeated use by the customer without a renewed order placed with the provider triggers a corresponding payment obligation.<\/p><p><strong>\u00a7 5 Termination and Cancellation<\/strong><\/p><p>1.\tTermination by the provider:\nThe provider may terminate the contract if continued cooperation with the customer becomes unreasonable, in particular for the reasons listed below. A prior warning or grace period is only required if it can be ensured that the reason for termination will be remedied or will not occur and if it is reasonable for the provider to continue the contract.\nThe provider may terminate in particular if:<\/p><p class=\"translation-block\">a) due payments are not made (without the provider losing its claim to the agreed price. If the customer pays later than agreed and delivery is still possible, the provider may make delivery conditional upon reimbursement of any additional costs caused by the delay);<br>\nb) circumstances arise that were unknown at the time of contract conclusion and that endanger the on-site safety of delivery staff, or result in occupational health and safety requirements not being met or not being reliably met;<br>\nc) it can be assumed that the supplied event\u2014at which the provider\u2019s logos, equipment or staff are present\u2014relates directly to political matters in Germany and\/or abroad and\/or involves opinions that are incompatible with democratic values and\/or the German Constitution (Basic Law) and\/or negatively affect peaceful coexistence in Germany;<br>\nd) the customer fails to implement legally required or officially ordered measures to ensure the safety of the provider\u2019s on-site staff (delivery, service, etc.);<br>\ne) the customer belongs to a prohibited political party and intends to conduct the event in that capacity;<br>\nf) the customer does not provide the documents and information required for performance of the contract (agreed or necessary for timely delivery or on-site service), not in full or not on time (e.g., gravel access roads, load limits of access routes, distances from the last permitted parking position of the delivery vehicle to the delivery point, lighting, fire safety, emergency exits), and curbside delivery (see \u00a7 9 (6)) is impossible or unreasonable in view of the provider\u2019s property;<br>\ng) the required official permits and approvals are not available;\nh) the customer does not comply with official requirements;<br>\ni) the customer operates technical equipment that is not permissible and may endanger the provider\u2019s staff;<br>\nj) competent authorities\/police, based on specific indications, are unable to maintain public safety and order, and it is unreasonable for the landlord\/venue to provide the premises for this reason; or<br>\nk) a competent authority or a court prohibits the event.<br><\/p><p>2.\tCancellation by the customer:\nIf the customer terminates, withdraws, or cancels for a reason for which the provider is not responsible, the provider may either claim the actual costs incurred and any fee entitlement, or charge a flat-rate cancellation fee\u2014based on typical effort in relation to the progress of performance\u2014as follows, unless otherwise agreed:<\/p><p class=\"translation-block\">a) cancellation up to 14 business days (Mon\u2013Fri) before the delivery date: 25% of the agreed fees and costs;<br>\nb) cancellation up to 7 business days (Mon\u2013Fri) before the delivery date: 50%;<br>\nc) cancellation up to 3 business days (Mon\u2013Fri) before the delivery date: 75%;<br>\nd) thereafter: 100%.<br><\/p><p>If the customer can prove that the provider\u2019s loss is lower than the flat rate\u2014or that no loss occurred\u2014only the lower amount (or no fee) is payable.<\/p><p>Cancellation free of charge (or against a reduced cancellation fee) is not possible if the provider has already begun producing the order in expectation of performance and such production is based on customer-specific requests.<\/p><p>In all cases, the customer must reimburse any actual cancellation costs incurred with third parties. This applies in particular if staff already booked and scheduled have already travelled, or travel\/accommodation costs have already been incurred.<\/p><p>Regardless of the cancellation date and irrespective of the flat rates and cost allocations above, the customer must bear all costs resulting from contractual obligations the provider has entered into with third parties due to the conclusion of the contract and\/or at the customer\u2019s request, where the provider could reasonably assume that such costs or arrangements were necessary for contract performance.<\/p><p><strong>\u00a7 6 Warranty and Liability<\/strong><\/p><p>1.\tThe provider warrants, under the rules of sales law, that the contractual items have the agreed quality and that no third-party rights prevent the customer from using the contractual items within the agreed scope. The warranty regarding freedom from third-party rights applies only to the country of destination agreed between the parties where the contractual items are to be used. Unless expressly agreed otherwise, the destination country is the country of the customer\u2019s registered place of business.<\/p><p>2.\tIn the case of defects in title, the provider will first remedy the defect by subsequent performance. At its discretion, the provider will procure a legally permissible right of use for the customer for the delivered items or provide modified equivalent items.<\/p><p>3.\tIn the case of material defects, the provider will first remedy the defect by subsequent performance. At its discretion, the provider will supply a new defect-free item or remedy the defect. A defect is also deemed remedied if the provider shows the customer reasonable ways to avoid the defect\u2019s effects.<\/p><p>4.\tThe provider may make subsequent performance dependent on the customer having paid at least a reasonable portion of the remuneration.<\/p><p>5.\tIf two attempts at subsequent performance fail, the customer may set a reasonable grace period for remedying the defect and must expressly notify the provider in writing that the customer reserves the right to withdraw from the contract and\/or claim damages if the remedy fails again.<\/p><p>6.\tIf the remedy also fails within the grace period, the customer may withdraw from the contract or reduce the remuneration unless the defect is minor. After expiry of a deadline, the provider may require the customer to exercise the rights resulting from the deadline expiry within two weeks after receipt of the request. After that period, the right to choose passes to the provider.<\/p><p>7.\tIf the provider performs troubleshooting or defect-removal services without being obliged to do so, it may charge remuneration at its usual rates. This applies in particular if no defect existed or if it is apparent that the issue is not attributable to the provider. Additional effort caused by the customer\u2019s failure to properly comply with cooperation obligations is also chargeable.<\/p><p>8.\tThe customer may assert rights arising from other breaches of duty by the provider only if the customer has notified the provider in writing and granted a grace period to remedy. This does not apply where remedy is not possible due to the nature of the breach.<\/p><p>9.\tThe limitation period for all warranty claims is one year, beginning with delivery or provision (and notification to the customer). The same period applies to other claims of any kind against the provider.<\/p><p>10.\tStatutory limitation periods apply in cases of intent or gross negligence, fraudulent concealment of defects, personal injury, or defects in title within the meaning of \u00a7 438 (1) No. 1 a BGB, and in the case of guarantees (\u00a7 444 BGB), as well as claims under the Product Liability Act.<\/p><p>11.\tIn cases of slightly negligent breaches of duty, the provider\u2019s liability is limited to the foreseeable, contract-typical average damage. This also applies to slightly negligent breaches by the provider\u2019s legal representatives or vicarious agents.<\/p><p>12.\tThe provider is not liable for slightly negligent breaches of non-essential contractual obligations.<\/p><p>13.\tThe above limitations of liability do not apply to product liability claims and do not apply in the event of injury to life, body or health attributable to the provider, its legal representatives, or vicarious agents.<\/p><p>14.\tIndirect damages and consequential damages resulting from defects are only compensable to the extent such damages are typically to be expected when the item is used as intended.<\/p><p><strong>\u00a7 7 Customer\u2019s Indemnification Obligation<\/strong><\/p><p>1.\tThe customer shall indemnify the provider and its agents from all third-party claims asserted in connection with this contract, insofar as the provider or its agents did not themselves cause the damage.<\/p><p>2.\tThe indemnification obligation continues after termination of the contract insofar as claims covered by the indemnity become known, arise, or are asserted only thereafter.<\/p><p><strong>\u00a7 8 Delivery, Place of Delivery, Transfer of Risk, Partial Deliveries<\/strong><\/p><p>1.\tThe customer shall support the provider in fulfilling its obligations. In particular, the customer must provide all information necessary to perform the contractual services (delivery address, presence to accept delivery, etc.). Unless otherwise agreed, the customer bears the costs of any cooperation obligations.<\/p><p>2.\tAny permits required for use of the ordered goods and equipment at the customer\u2019s location must be obtained by the customer independently and at the customer\u2019s expense (e.g., catering licence, GEMA, fire safety regulations, etc.), unless expressly agreed otherwise. The customer is responsible for compliance with all building, safety, and event-related regulations. Any required inspections\/acceptances must be arranged by the customer at the customer\u2019s expense.<\/p><p>3.\tSet-up areas and transport routes on the customer\u2019s premises must be suitable for set-up and transport, level, clear, and, if necessary, adequately lit.<\/p><p>4.\tDelivery is made to the postal address stated by the customer in the order.<\/p><p>5.\tRisk passes to the customer upon dispatch of the goods or handover to the delivery person, provided that no set-up of equipment and no on-site support\/service is owed. If delivery is delayed at the customer\u2019s request or for reasons attributable to the customer (e.g., late payment or failure to accept), risk passes to the customer for the duration of the delay. The customer bears any costs incurred for waiting time, provision, storage, etc.<\/p><p>6.\tDelivery is deemed completed if the provider makes the order available at the curbside assigned to the postal address if:<\/p><ul><li>\u2022\tthe customer cannot be reached at the agreed time and handover to the customer or a representative is not possible; or<\/li><li>\u2022\tdelivery to the customer is unreasonable even with customary efforts (e.g., delivery to upper floors of a high-rise if the lift is out of service; delivery to areas where safe access is not ensured, such as construction sites or dark staircases).<\/li><\/ul><p>7.\tThe provider may make partial deliveries if the partial delivery:<\/p><ul><li>is attributable to the customer (e.g., orders placed sequentially);<\/li><li>is unavoidable due to local conditions (e.g., narrow access routes) but the complete order is still delivered on time (if the local conditions were known to the provider in advance) or the order is completed without delay (if the local conditions were unknown);<\/li><li>would otherwise require disproportionate effort without partial delivery, but completion is still timely; or<\/li><li>is otherwise reasonable for the customer.<\/li><\/ul><p>Partial deliveries must be accepted by the customer, including where the customer considers them unreasonable, in order to minimise damage as far as possible.<\/p><p>8.\tThe provider may change the agreed services\u2014especially agreed equipment or parts\u2014and replace them with other equally suitable items if this is reasonable for the customer and does not endanger the contractual purpose. This applies in particular where equipment cannot be delivered in time but can be replaced by comparable and equally suitable equipment.<\/p><p>9.\tThe customer must immediately inspect each delivery for external integrity. Any externally visible transport damage must be reported immediately to the driver\/delivery person. Subsequently reported visible transport damage cannot be accepted by the provider.<\/p><p><strong>\u00a7 9 Delivery Dates, Delivery Difficulties, Force Majeure and Collections<\/strong><\/p><p>1.\tDelivery\/performance times are approximate and not fixed dates unless expressly designated as binding\/fixed.<\/p><p>2.\tUnforeseeable or uncontrollable obstacles (construction sites, traffic jams en route to the customer) lead to a corresponding extension of any delivery periods at the customer\u2019s risk.<\/p><p>3.\tThe provider owes one delivery attempt. Additional attempts and\/or waiting times must be reasonably compensated by the customer.<\/p><p>4.\tIf the provider is unable to deliver the ordered goods or perform services through no fault of its own because it has concluded a covering transaction with a supplier and the supplier fails to fulfil its obligations, the provider is entitled to withdraw from the contract. The provider will inform the customer without undue delay. If payment has already been made, it will be refunded without undue delay.<\/p><p>5.\tAs long as the provider (a) is awaiting the customer\u2019s cooperation or information, or (b) is prevented from performing due to strikes or lockouts in third-party companies or in the provider\u2019s company (in the latter case only if lawful), official intervention, legal prohibitions, or other circumstances beyond the provider\u2019s control (\u201cforce majeure\u201d), delivery and performance periods shall be extended by the duration of the hindrance plus a reasonable start-up period after the hindrance ends (\u201cdowntime\u201d). During downtime, there is no breach of duty. The provider will inform the customer without undue delay of such hindrances and their expected duration.<\/p><p>6.\tIn the event of force majeure leading to termination or interruption of the contract, the provider may claim reimbursement\/compensation for costs incurred and services performed up to that point in expectation of performance, insofar as the provider cannot reasonably use those services otherwise or does not fail to use them otherwise in bad faith.<\/p><p>7.\tIf a service provider\/subcontractor invokes force majeure vis-\u00e0-vis the provider and therefore fails to perform, the provider is also released from its performance obligation towards the customer to the extent it is owed. The provider will endeavour to procure suitable replacement services.<\/p><p>8.\tCollections\/pick-ups take place on the next business day unless otherwise agreed. Collections on weekends and after 4:00 p.m. (Mon\u2013Fri) must be agreed separately between the customer and the provider.<\/p><p><strong>\u00a7 10 Retention of Title<\/strong><\/p><p>1.\tAll deliveries and services are made subject to retention of title. Delivered goods remain the property of the provider until full payment of the purchase price and all other claims of the provider arising from the ongoing business relationship have been settled (in the case of payment by cheque or bill of exchange, until cleared). Retention of title also remains in effect if individual claims are included in a running account and the balance is drawn and acknowledged; it then secures the balance.<\/p><p>2.\tThe customer may resell the goods subject to retention of title only in the ordinary course of business and on the condition that the purchase price claim from the resale passes to the provider. The customer hereby assigns to the provider, by way of security, all claims and ancillary rights arising from resale of the reserved goods for all claims the provider is entitled to against the customer at the time of resale. The customer is authorised to collect the assigned claims; however, this authorisation may be revoked if the customer is in default of payment. In that case, the provider is authorised to notify the customer\u2019s buyers of the assignment in the customer\u2019s name. The customer must provide the provider with the information necessary to assert rights against the buyers, in particular naming the buyers and providing the necessary documents.<\/p><p>3.\tThe customer is not entitled to dispose of the reserved goods in any other way, in particular to pledge them or transfer them by way of security.<\/p><p>4.\tAny impairment of the reserved goods must be notified to the provider, as must any third-party access. If the right of resale expires, the customer must, upon request, provide information about the stock of reserved goods and surrender them upon request. To enforce surrender, the provider is entitled\u2014after prior notice and setting a deadline\u2014to enter the customer\u2019s premises and remove the reserved goods. The provider is also entitled to realise the surrendered reserved goods to satisfy its claims once the provider has either withdrawn from the contract or the requirements for claiming damages for non-performance have arisen.<\/p><p>5.\tIf the value of all security rights exceeds the provider\u2019s claims against the customer by more than 20%, the provider must, at the customer\u2019s request, release the excess security.<\/p><p><strong>\u00a7 11 Set-off, Retention, Assignment, Miscellaneous<\/strong><\/p><p>1.\tThe customer may only set off claims that are undisputed or finally adjudicated.<\/p><p>2.\tA right of retention may only be asserted based on claims arising from this contract.<\/p><p>3.\tThe customer is not entitled to assign or transfer rights and obligations under the contract without the provider\u2019s prior consent.<\/p><p>4.\tThe place of performance for all mutual obligations is the provider\u2019s registered office.<\/p><p>5.\tThe place of jurisdiction for all claims is also the provider\u2019s registered office. The provider is also entitled to choose the place of jurisdiction at the customer\u2019s registered office.s<\/p><p>6.\tGerman law applies, excluding international provisions such as the UN Convention on Contracts for the International Sale of Goods (CISG).<\/p><p>7.\tIf any provision of these GTC is or becomes invalid, or if a gap becomes apparent, the validity of the remaining provisions shall not be affected.<\/p><p class=\"translation-block\">These General Terms and Conditions (GTC) form an integral part of the contracts between Landenberger Culinary &amp; Catering and its customers and govern the conditions for the provision of catering services and related services.s<\/p>\t\t\t\t\t\t\t\t<\/div>\n\t\t\t\t<\/div>\n\t\t\t\t<\/div>","protected":false},"excerpt":{"rendered":"<p>AGB Allgemeine Gesch\u00e4ftsbedingungen (AGB) f\u00fcr Landenberger Culinary &amp; Catering Stand: 05. 12 2023 \u00a7 1 Geltungsbereich und Vertragsgegenstand (1) Diese Allgemeinen Gesch\u00e4ftsbedingungen (AGB) regeln die Bedingungen f\u00fcr die Erbringung von Catering-Dienstleistungen sowie damit zusammenh\u00e4ngende Leistungen durch\u00a0Landenberger Culinary &amp; Catering. (2) Die Dienstleistungen von\u00a0Landenberger Culinary &amp; Catering\u00a0umfassen: Catering Dienstleistungen: Zubereitung von Speisen f\u00fcr Veranstaltungen, Konzeptplanung f\u00fcr [&hellip;]<\/p>\n","protected":false},"author":1,"featured_media":0,"parent":0,"menu_order":0,"comment_status":"closed","ping_status":"closed","template":"","meta":{"footnotes":""},"class_list":["post-777","page","type-page","status-publish","hentry"],"_links":{"self":[{"href":"https:\/\/landenbergerculinary.iwypixel.hu\/en\/wp-json\/wp\/v2\/pages\/777","targetHints":{"allow":["GET"]}}],"collection":[{"href":"https:\/\/landenbergerculinary.iwypixel.hu\/en\/wp-json\/wp\/v2\/pages"}],"about":[{"href":"https:\/\/landenbergerculinary.iwypixel.hu\/en\/wp-json\/wp\/v2\/types\/page"}],"author":[{"embeddable":true,"href":"https:\/\/landenbergerculinary.iwypixel.hu\/en\/wp-json\/wp\/v2\/users\/1"}],"replies":[{"embeddable":true,"href":"https:\/\/landenbergerculinary.iwypixel.hu\/en\/wp-json\/wp\/v2\/comments?post=777"}],"version-history":[{"count":29,"href":"https:\/\/landenbergerculinary.iwypixel.hu\/en\/wp-json\/wp\/v2\/pages\/777\/revisions"}],"predecessor-version":[{"id":2702,"href":"https:\/\/landenbergerculinary.iwypixel.hu\/en\/wp-json\/wp\/v2\/pages\/777\/revisions\/2702"}],"wp:attachment":[{"href":"https:\/\/landenbergerculinary.iwypixel.hu\/en\/wp-json\/wp\/v2\/media?parent=777"}],"curies":[{"name":"wp","href":"https:\/\/api.w.org\/{rel}","templated":true}]}}